{"id":780,"date":"2015-11-16T17:56:38","date_gmt":"2015-11-16T16:56:38","guid":{"rendered":"https:\/\/www.bredinprat.fr\/fr\/?page_id=780"},"modified":"2019-06-28T14:59:00","modified_gmt":"2019-06-28T13:59:00","slug":"senior-counsel","status":"publish","type":"page","link":"https:\/\/www.bredinprat.fr\/fr\/avocats\/senior-counsel\/","title":{"rendered":"Senior Counsel"},"content":{"rendered":"","protected":false},"excerpt":{"rendered":"","protected":false},"author":8,"featured_media":0,"parent":197,"menu_order":0,"comment_status":"closed","ping_status":"closed","template":"page-template\/lawyerssearch-template.php","meta":{"_acf_changed":false,"footnotes":""},"class_list":["post-780","page","type-page","status-publish","hentry"],"acf":[],"yoast_head":"<!-- This site is optimized with the Yoast SEO plugin v26.4 - https:\/\/yoast.com\/wordpress\/plugins\/seo\/ -->\n<title>Counsel | Bredin Prat<\/title>\n<meta name=\"description\" content=\"Bredin Prat compte aujourd\u2019hui plus de 170 avocats dont 47 associ\u00e9s et 11 counsel.\" \/>\n<meta name=\"robots\" content=\"index, follow, max-snippet:-1, max-image-preview:large, max-video-preview:-1\" \/>\n<link rel=\"canonical\" href=\"https:\/\/www.bredinprat.fr\/fr\/avocats\/senior-counsel\/\" \/>\n<meta property=\"og:locale\" content=\"fr_FR\" \/>\n<meta property=\"og:type\" content=\"article\" \/>\n<meta property=\"og:title\" content=\"Counsel | Bredin Prat\" \/>\n<meta property=\"og:description\" content=\"Bredin Prat compte aujourd\u2019hui plus de 170 avocats dont 47 associ\u00e9s et 11 counsel.\" \/>\n<meta property=\"og:url\" content=\"https:\/\/www.bredinprat.fr\/fr\/avocats\/senior-counsel\/\" \/>\n<meta property=\"og:site_name\" content=\"Bredin Prat\" \/>\n<meta property=\"article:modified_time\" content=\"2019-06-28T13:59:00+00:00\" \/>\n<meta name=\"twitter:card\" content=\"summary_large_image\" \/>\n<script type=\"application\/ld+json\" class=\"yoast-schema-graph\">{\"@context\":\"https:\/\/schema.org\",\"@graph\":[{\"@type\":\"WebPage\",\"@id\":\"https:\/\/www.bredinprat.fr\/fr\/avocats\/senior-counsel\/\",\"url\":\"https:\/\/www.bredinprat.fr\/fr\/avocats\/senior-counsel\/\",\"name\":\"Counsel | Bredin Prat\",\"isPartOf\":{\"@id\":\"https:\/\/www.bredinprat.fr\/fr\/#website\"},\"datePublished\":\"2015-11-16T16:56:38+00:00\",\"dateModified\":\"2019-06-28T13:59:00+00:00\",\"description\":\"Bredin Prat compte aujourd\u2019hui plus de 170 avocats dont 47 associ\u00e9s et 11 counsel.\",\"breadcrumb\":{\"@id\":\"https:\/\/www.bredinprat.fr\/fr\/avocats\/senior-counsel\/#breadcrumb\"},\"inLanguage\":\"fr-FR\",\"potentialAction\":[{\"@type\":\"ReadAction\",\"target\":[\"https:\/\/www.bredinprat.fr\/fr\/avocats\/senior-counsel\/\"]}]},{\"@type\":\"BreadcrumbList\",\"@id\":\"https:\/\/www.bredinprat.fr\/fr\/avocats\/senior-counsel\/#breadcrumb\",\"itemListElement\":[{\"@type\":\"ListItem\",\"position\":1,\"name\":\"Accueil\",\"item\":\"https:\/\/www.bredinprat.fr\/fr\/\"},{\"@type\":\"ListItem\",\"position\":2,\"name\":\"Avocats\",\"item\":\"https:\/\/www.bredinprat.fr\/fr\/avocats\/\"},{\"@type\":\"ListItem\",\"position\":3,\"name\":\"Senior Counsel\"}]},{\"@type\":\"WebSite\",\"@id\":\"https:\/\/www.bredinprat.fr\/fr\/#website\",\"url\":\"https:\/\/www.bredinprat.fr\/fr\/\",\"name\":\"Bredin Prat\",\"description\":\"Cabinet d&#039;avocats fran\u00e7ais ind\u00e9pendant \u00e0 Paris et \u00e0 Bruxelles\",\"publisher\":{\"@id\":\"https:\/\/www.bredinprat.fr\/fr\/#organization\"},\"potentialAction\":[{\"@type\":\"SearchAction\",\"target\":{\"@type\":\"EntryPoint\",\"urlTemplate\":\"https:\/\/www.bredinprat.fr\/fr\/?s={search_term_string}\"},\"query-input\":{\"@type\":\"PropertyValueSpecification\",\"valueRequired\":true,\"valueName\":\"search_term_string\"}}],\"inLanguage\":\"fr-FR\"},{\"@type\":\"Organization\",\"@id\":\"https:\/\/www.bredinprat.fr\/fr\/#organization\",\"name\":\"Bredin Prat\",\"url\":\"https:\/\/www.bredinprat.fr\/fr\/\",\"logo\":{\"@type\":\"ImageObject\",\"inLanguage\":\"fr-FR\",\"@id\":\"https:\/\/www.bredinprat.fr\/fr\/#\/schema\/logo\/image\/\",\"url\":\"https:\/\/www.bredinprat.fr\/wp-content\/uploads\/2015\/10\/Logo_BP.gif\",\"contentUrl\":\"https:\/\/www.bredinprat.fr\/wp-content\/uploads\/2015\/10\/Logo_BP.gif\",\"width\":4246,\"height\":258,\"caption\":\"Bredin Prat\"},\"image\":{\"@id\":\"https:\/\/www.bredinprat.fr\/fr\/#\/schema\/logo\/image\/\"}}]}<\/script>\n<!-- \/ Yoast SEO plugin. -->","yoast_head_json":{"title":"Counsel | Bredin Prat","description":"Bredin Prat compte aujourd\u2019hui plus de 170 avocats dont 47 associ\u00e9s et 11 counsel.","robots":{"index":"index","follow":"follow","max-snippet":"max-snippet:-1","max-image-preview":"max-image-preview:large","max-video-preview":"max-video-preview:-1"},"canonical":"https:\/\/www.bredinprat.fr\/fr\/avocats\/senior-counsel\/","og_locale":"fr_FR","og_type":"article","og_title":"Counsel | Bredin Prat","og_description":"Bredin Prat compte aujourd\u2019hui plus de 170 avocats dont 47 associ\u00e9s et 11 counsel.","og_url":"https:\/\/www.bredinprat.fr\/fr\/avocats\/senior-counsel\/","og_site_name":"Bredin Prat","article_modified_time":"2019-06-28T13:59:00+00:00","twitter_card":"summary_large_image","schema":{"@context":"https:\/\/schema.org","@graph":[{"@type":"WebPage","@id":"https:\/\/www.bredinprat.fr\/fr\/avocats\/senior-counsel\/","url":"https:\/\/www.bredinprat.fr\/fr\/avocats\/senior-counsel\/","name":"Counsel | Bredin Prat","isPartOf":{"@id":"https:\/\/www.bredinprat.fr\/fr\/#website"},"datePublished":"2015-11-16T16:56:38+00:00","dateModified":"2019-06-28T13:59:00+00:00","description":"Bredin Prat compte aujourd\u2019hui plus de 170 avocats dont 47 associ\u00e9s et 11 counsel.","breadcrumb":{"@id":"https:\/\/www.bredinprat.fr\/fr\/avocats\/senior-counsel\/#breadcrumb"},"inLanguage":"fr-FR","potentialAction":[{"@type":"ReadAction","target":["https:\/\/www.bredinprat.fr\/fr\/avocats\/senior-counsel\/"]}]},{"@type":"BreadcrumbList","@id":"https:\/\/www.bredinprat.fr\/fr\/avocats\/senior-counsel\/#breadcrumb","itemListElement":[{"@type":"ListItem","position":1,"name":"Accueil","item":"https:\/\/www.bredinprat.fr\/fr\/"},{"@type":"ListItem","position":2,"name":"Avocats","item":"https:\/\/www.bredinprat.fr\/fr\/avocats\/"},{"@type":"ListItem","position":3,"name":"Senior Counsel"}]},{"@type":"WebSite","@id":"https:\/\/www.bredinprat.fr\/fr\/#website","url":"https:\/\/www.bredinprat.fr\/fr\/","name":"Bredin Prat","description":"Cabinet d&#039;avocats fran\u00e7ais ind\u00e9pendant \u00e0 Paris et \u00e0 Bruxelles","publisher":{"@id":"https:\/\/www.bredinprat.fr\/fr\/#organization"},"potentialAction":[{"@type":"SearchAction","target":{"@type":"EntryPoint","urlTemplate":"https:\/\/www.bredinprat.fr\/fr\/?s={search_term_string}"},"query-input":{"@type":"PropertyValueSpecification","valueRequired":true,"valueName":"search_term_string"}}],"inLanguage":"fr-FR"},{"@type":"Organization","@id":"https:\/\/www.bredinprat.fr\/fr\/#organization","name":"Bredin Prat","url":"https:\/\/www.bredinprat.fr\/fr\/","logo":{"@type":"ImageObject","inLanguage":"fr-FR","@id":"https:\/\/www.bredinprat.fr\/fr\/#\/schema\/logo\/image\/","url":"https:\/\/www.bredinprat.fr\/wp-content\/uploads\/2015\/10\/Logo_BP.gif","contentUrl":"https:\/\/www.bredinprat.fr\/wp-content\/uploads\/2015\/10\/Logo_BP.gif","width":4246,"height":258,"caption":"Bredin Prat"},"image":{"@id":"https:\/\/www.bredinprat.fr\/fr\/#\/schema\/logo\/image\/"}}]}},"_links":{"self":[{"href":"https:\/\/www.bredinprat.fr\/fr\/wp-json\/wp\/v2\/pages\/780","targetHints":{"allow":["GET"]}}],"collection":[{"href":"https:\/\/www.bredinprat.fr\/fr\/wp-json\/wp\/v2\/pages"}],"about":[{"href":"https:\/\/www.bredinprat.fr\/fr\/wp-json\/wp\/v2\/types\/page"}],"author":[{"embeddable":true,"href":"https:\/\/www.bredinprat.fr\/fr\/wp-json\/wp\/v2\/users\/8"}],"replies":[{"embeddable":true,"href":"https:\/\/www.bredinprat.fr\/fr\/wp-json\/wp\/v2\/comments?post=780"}],"version-history":[{"count":6,"href":"https:\/\/www.bredinprat.fr\/fr\/wp-json\/wp\/v2\/pages\/780\/revisions"}],"predecessor-version":[{"id":5144,"href":"https:\/\/www.bredinprat.fr\/fr\/wp-json\/wp\/v2\/pages\/780\/revisions\/5144"}],"up":[{"embeddable":true,"href":"https:\/\/www.bredinprat.fr\/fr\/wp-json\/wp\/v2\/pages\/197"}],"wp:attachment":[{"href":"https:\/\/www.bredinprat.fr\/fr\/wp-json\/wp\/v2\/media?parent=780"}],"curies":[{"name":"wp","href":"https:\/\/api.w.org\/{rel}","templated":true}]}}