{"id":516,"date":"2015-11-10T10:45:42","date_gmt":"2015-11-10T09:45:42","guid":{"rendered":"https:\/\/www.bredinprat.fr\/fr\/?page_id=516"},"modified":"2023-01-13T13:12:28","modified_gmt":"2023-01-13T12:12:28","slug":"best-friends","status":"publish","type":"page","link":"https:\/\/www.bredinprat.fr\/fr\/international\/best-friends\/","title":{"rendered":"Best Friends"},"content":{"rendered":"<p>Le r\u00e9seau Best Friends permet \u00e0 Bredin Prat de constituer des \u00e9quipes int\u00e9gr\u00e9es d\u2019avocats de haut niveau dans toutes les juridictions \u00e9trang\u00e8res. Pour le traitement de leurs dossiers transfrontaliers, les clients disposent ainsi d\u2019une offre globale tout en conservant le cabinet comme principal interlocuteur et pourvoyeur de services juridiques.<\/p>\n<p>Bredin Prat est l\u2019un des membres fondateurs des Best Friends constitu\u00e9 il y a une quinzaine d\u2019ann\u00e9es en Europe autour de\u00a0<a href=\"https:\/\/www.belex.com\/en\/\" target=\"_blank\" rel=\"noopener noreferrer\">BonelliErede<\/a>\u00a0(Italie), Bredin Prat (France),\u00a0<a href=\"http:\/\/www.debrauw.com\/\" target=\"_blank\" rel=\"noopener noreferrer\">De Brauw<\/a>\u00a0(Pays-Bas),\u00a0<a href=\"https:\/\/www.hengeler.com\/en\/\" target=\"_blank\" rel=\"noopener noreferrer\">Hengeler Mueller<\/a>\u00a0(Allemagne),\u00a0<a href=\"http:\/\/www.slaughterandmay.com\/\" target=\"_blank\" rel=\"noopener noreferrer\">Slaughter and May\u00a0<\/a>(Royaume-Uni) et\u00a0<a href=\"http:\/\/www.uria.com\/fr\/index.html\" target=\"_blank\" rel=\"noopener noreferrer\">Ur\u00eda Men\u00e9ndez<\/a>\u00a0(Espagne\/Portugal).<\/p>\n<p>Les Best Friends disposent de 30 bureaux dont certains partag\u00e9s \u00e0 Bruxelles, P\u00e9kin et Shanghai. Pr\u00e9sents dans pr\u00e8s de 20 pays, ils comptent plus de 2 700 avocats.<\/p>\n<p>Un second cercle de Best Friends, beaucoup plus \u00e9tendu, regroupe une centaine d\u2019autres partenaires locaux repartis aux \u00c9tats-Unis, en Am\u00e9rique Latine, en Europe, en Asie, en Afrique ou au Moyen-Orient et avec lesquels Bredin Prat a nou\u00e9 d\u2019\u00e9troites relations de travail.<\/p>\n","protected":false},"excerpt":{"rendered":"<p>Le r\u00e9seau Best Friends permet \u00e0 Bredin Prat de constituer des \u00e9quipes int\u00e9gr\u00e9es d\u2019avocats de haut niveau dans toutes les juridictions \u00e9trang\u00e8res. Pour le traitement de leurs dossiers transfrontaliers, les clients disposent ainsi d\u2019une offre globale tout en conservant le cabinet comme principal interlocuteur et pourvoyeur de services juridiques. Bredin Prat est l\u2019un des membres ..<br \/><a href=\"https:\/\/www.bredinprat.fr\/fr\/international\/best-friends\/\">Read More&#8230;<\/a><\/p>\n","protected":false},"author":8,"featured_media":0,"parent":18,"menu_order":2,"comment_status":"closed","ping_status":"closed","template":"page-template\/reseauInternational.php","meta":{"_acf_changed":false,"footnotes":""},"class_list":["post-516","page","type-page","status-publish","hentry"],"acf":[],"yoast_head":"<!-- This site is optimized with the Yoast SEO plugin v26.4 - https:\/\/yoast.com\/wordpress\/plugins\/seo\/ -->\n<title>Best Friends | Bredin Prat<\/title>\n<meta name=\"description\" content=\"Le r\u00e9seau Best Friends permet \u00e0 Bredin Prat de constituer des \u00e9quipes int\u00e9gr\u00e9es d\u2019avocats de haut niveau dans toutes les juridictions \u00e9trang\u00e8res.\" \/>\n<meta name=\"robots\" content=\"index, follow, max-snippet:-1, max-image-preview:large, max-video-preview:-1\" \/>\n<link rel=\"canonical\" href=\"https:\/\/www.bredinprat.fr\/fr\/international\/best-friends\/\" \/>\n<meta property=\"og:locale\" content=\"fr_FR\" \/>\n<meta property=\"og:type\" content=\"article\" \/>\n<meta property=\"og:title\" content=\"Best Friends | Bredin Prat\" \/>\n<meta property=\"og:description\" content=\"Le r\u00e9seau Best Friends permet \u00e0 Bredin Prat de constituer des \u00e9quipes int\u00e9gr\u00e9es d\u2019avocats de haut niveau dans toutes les juridictions \u00e9trang\u00e8res.\" \/>\n<meta property=\"og:url\" content=\"https:\/\/www.bredinprat.fr\/fr\/international\/best-friends\/\" \/>\n<meta property=\"og:site_name\" content=\"Bredin Prat\" \/>\n<meta property=\"article:modified_time\" content=\"2023-01-13T12:12:28+00:00\" \/>\n<meta name=\"twitter:card\" content=\"summary_large_image\" \/>\n<meta name=\"twitter:label1\" content=\"Dur\u00e9e de lecture estim\u00e9e\" \/>\n\t<meta name=\"twitter:data1\" content=\"1 minute\" \/>\n<script type=\"application\/ld+json\" class=\"yoast-schema-graph\">{\"@context\":\"https:\/\/schema.org\",\"@graph\":[{\"@type\":\"WebPage\",\"@id\":\"https:\/\/www.bredinprat.fr\/fr\/international\/best-friends\/\",\"url\":\"https:\/\/www.bredinprat.fr\/fr\/international\/best-friends\/\",\"name\":\"Best Friends | Bredin Prat\",\"isPartOf\":{\"@id\":\"https:\/\/www.bredinprat.fr\/fr\/#website\"},\"datePublished\":\"2015-11-10T09:45:42+00:00\",\"dateModified\":\"2023-01-13T12:12:28+00:00\",\"description\":\"Le r\u00e9seau Best Friends permet \u00e0 Bredin Prat de constituer des \u00e9quipes int\u00e9gr\u00e9es d\u2019avocats de haut niveau dans toutes les juridictions \u00e9trang\u00e8res.\",\"breadcrumb\":{\"@id\":\"https:\/\/www.bredinprat.fr\/fr\/international\/best-friends\/#breadcrumb\"},\"inLanguage\":\"fr-FR\",\"potentialAction\":[{\"@type\":\"ReadAction\",\"target\":[\"https:\/\/www.bredinprat.fr\/fr\/international\/best-friends\/\"]}]},{\"@type\":\"BreadcrumbList\",\"@id\":\"https:\/\/www.bredinprat.fr\/fr\/international\/best-friends\/#breadcrumb\",\"itemListElement\":[{\"@type\":\"ListItem\",\"position\":1,\"name\":\"Accueil\",\"item\":\"https:\/\/www.bredinprat.fr\/fr\/\"},{\"@type\":\"ListItem\",\"position\":2,\"name\":\"International\",\"item\":\"https:\/\/www.bredinprat.fr\/fr\/international\/\"},{\"@type\":\"ListItem\",\"position\":3,\"name\":\"Best Friends\"}]},{\"@type\":\"WebSite\",\"@id\":\"https:\/\/www.bredinprat.fr\/fr\/#website\",\"url\":\"https:\/\/www.bredinprat.fr\/fr\/\",\"name\":\"Bredin Prat\",\"description\":\"Cabinet d&#039;avocats fran\u00e7ais ind\u00e9pendant \u00e0 Paris et \u00e0 Bruxelles\",\"publisher\":{\"@id\":\"https:\/\/www.bredinprat.fr\/fr\/#organization\"},\"potentialAction\":[{\"@type\":\"SearchAction\",\"target\":{\"@type\":\"EntryPoint\",\"urlTemplate\":\"https:\/\/www.bredinprat.fr\/fr\/?s={search_term_string}\"},\"query-input\":{\"@type\":\"PropertyValueSpecification\",\"valueRequired\":true,\"valueName\":\"search_term_string\"}}],\"inLanguage\":\"fr-FR\"},{\"@type\":\"Organization\",\"@id\":\"https:\/\/www.bredinprat.fr\/fr\/#organization\",\"name\":\"Bredin Prat\",\"url\":\"https:\/\/www.bredinprat.fr\/fr\/\",\"logo\":{\"@type\":\"ImageObject\",\"inLanguage\":\"fr-FR\",\"@id\":\"https:\/\/www.bredinprat.fr\/fr\/#\/schema\/logo\/image\/\",\"url\":\"https:\/\/www.bredinprat.fr\/wp-content\/uploads\/2015\/10\/Logo_BP.gif\",\"contentUrl\":\"https:\/\/www.bredinprat.fr\/wp-content\/uploads\/2015\/10\/Logo_BP.gif\",\"width\":4246,\"height\":258,\"caption\":\"Bredin Prat\"},\"image\":{\"@id\":\"https:\/\/www.bredinprat.fr\/fr\/#\/schema\/logo\/image\/\"}}]}<\/script>\n<!-- \/ Yoast SEO plugin. -->","yoast_head_json":{"title":"Best Friends | Bredin Prat","description":"Le r\u00e9seau Best Friends permet \u00e0 Bredin Prat de constituer des \u00e9quipes int\u00e9gr\u00e9es d\u2019avocats de haut niveau dans toutes les juridictions \u00e9trang\u00e8res.","robots":{"index":"index","follow":"follow","max-snippet":"max-snippet:-1","max-image-preview":"max-image-preview:large","max-video-preview":"max-video-preview:-1"},"canonical":"https:\/\/www.bredinprat.fr\/fr\/international\/best-friends\/","og_locale":"fr_FR","og_type":"article","og_title":"Best Friends | Bredin Prat","og_description":"Le r\u00e9seau Best Friends permet \u00e0 Bredin Prat de constituer des \u00e9quipes int\u00e9gr\u00e9es d\u2019avocats de haut niveau dans toutes les juridictions \u00e9trang\u00e8res.","og_url":"https:\/\/www.bredinprat.fr\/fr\/international\/best-friends\/","og_site_name":"Bredin Prat","article_modified_time":"2023-01-13T12:12:28+00:00","twitter_card":"summary_large_image","twitter_misc":{"Dur\u00e9e de lecture estim\u00e9e":"1 minute"},"schema":{"@context":"https:\/\/schema.org","@graph":[{"@type":"WebPage","@id":"https:\/\/www.bredinprat.fr\/fr\/international\/best-friends\/","url":"https:\/\/www.bredinprat.fr\/fr\/international\/best-friends\/","name":"Best Friends | Bredin Prat","isPartOf":{"@id":"https:\/\/www.bredinprat.fr\/fr\/#website"},"datePublished":"2015-11-10T09:45:42+00:00","dateModified":"2023-01-13T12:12:28+00:00","description":"Le r\u00e9seau Best Friends permet \u00e0 Bredin Prat de constituer des \u00e9quipes int\u00e9gr\u00e9es d\u2019avocats de haut niveau dans toutes les juridictions \u00e9trang\u00e8res.","breadcrumb":{"@id":"https:\/\/www.bredinprat.fr\/fr\/international\/best-friends\/#breadcrumb"},"inLanguage":"fr-FR","potentialAction":[{"@type":"ReadAction","target":["https:\/\/www.bredinprat.fr\/fr\/international\/best-friends\/"]}]},{"@type":"BreadcrumbList","@id":"https:\/\/www.bredinprat.fr\/fr\/international\/best-friends\/#breadcrumb","itemListElement":[{"@type":"ListItem","position":1,"name":"Accueil","item":"https:\/\/www.bredinprat.fr\/fr\/"},{"@type":"ListItem","position":2,"name":"International","item":"https:\/\/www.bredinprat.fr\/fr\/international\/"},{"@type":"ListItem","position":3,"name":"Best Friends"}]},{"@type":"WebSite","@id":"https:\/\/www.bredinprat.fr\/fr\/#website","url":"https:\/\/www.bredinprat.fr\/fr\/","name":"Bredin Prat","description":"Cabinet d&#039;avocats fran\u00e7ais ind\u00e9pendant \u00e0 Paris et \u00e0 Bruxelles","publisher":{"@id":"https:\/\/www.bredinprat.fr\/fr\/#organization"},"potentialAction":[{"@type":"SearchAction","target":{"@type":"EntryPoint","urlTemplate":"https:\/\/www.bredinprat.fr\/fr\/?s={search_term_string}"},"query-input":{"@type":"PropertyValueSpecification","valueRequired":true,"valueName":"search_term_string"}}],"inLanguage":"fr-FR"},{"@type":"Organization","@id":"https:\/\/www.bredinprat.fr\/fr\/#organization","name":"Bredin Prat","url":"https:\/\/www.bredinprat.fr\/fr\/","logo":{"@type":"ImageObject","inLanguage":"fr-FR","@id":"https:\/\/www.bredinprat.fr\/fr\/#\/schema\/logo\/image\/","url":"https:\/\/www.bredinprat.fr\/wp-content\/uploads\/2015\/10\/Logo_BP.gif","contentUrl":"https:\/\/www.bredinprat.fr\/wp-content\/uploads\/2015\/10\/Logo_BP.gif","width":4246,"height":258,"caption":"Bredin Prat"},"image":{"@id":"https:\/\/www.bredinprat.fr\/fr\/#\/schema\/logo\/image\/"}}]}},"_links":{"self":[{"href":"https:\/\/www.bredinprat.fr\/fr\/wp-json\/wp\/v2\/pages\/516","targetHints":{"allow":["GET"]}}],"collection":[{"href":"https:\/\/www.bredinprat.fr\/fr\/wp-json\/wp\/v2\/pages"}],"about":[{"href":"https:\/\/www.bredinprat.fr\/fr\/wp-json\/wp\/v2\/types\/page"}],"author":[{"embeddable":true,"href":"https:\/\/www.bredinprat.fr\/fr\/wp-json\/wp\/v2\/users\/8"}],"replies":[{"embeddable":true,"href":"https:\/\/www.bredinprat.fr\/fr\/wp-json\/wp\/v2\/comments?post=516"}],"version-history":[{"count":41,"href":"https:\/\/www.bredinprat.fr\/fr\/wp-json\/wp\/v2\/pages\/516\/revisions"}],"predecessor-version":[{"id":16507,"href":"https:\/\/www.bredinprat.fr\/fr\/wp-json\/wp\/v2\/pages\/516\/revisions\/16507"}],"up":[{"embeddable":true,"href":"https:\/\/www.bredinprat.fr\/fr\/wp-json\/wp\/v2\/pages\/18"}],"wp:attachment":[{"href":"https:\/\/www.bredinprat.fr\/fr\/wp-json\/wp\/v2\/media?parent=516"}],"curies":[{"name":"wp","href":"https:\/\/api.w.org\/{rel}","templated":true}]}}