{"id":505,"date":"2015-11-09T19:03:40","date_gmt":"2015-11-09T18:03:40","guid":{"rendered":"https:\/\/www.bredinprat.fr\/fr\/?page_id=505"},"modified":"2017-07-19T11:23:02","modified_gmt":"2017-07-19T10:23:02","slug":"bredin-prat","status":"publish","type":"page","link":"https:\/\/www.bredinprat.fr\/fr\/international\/bredin-prat\/","title":{"rendered":"Bredin Prat"},"content":{"rendered":"<p>Bredin Prat r\u00e9alise les deux tiers de son activit\u00e9 au travers d\u2019op\u00e9rations transnationales.<\/p>\n<p>Ses \u00e9quipes cosmopolites permettent au cabinet de traiter des dossiers dans plusieurs pays et une quinzaine de langues, en droit fran\u00e7ais et en droit anglo-am\u00e9ricain (ou <em>common law<\/em>).<\/p>\n<p>Son bureau de Bruxelles, ouvert en 1999, r\u00e9pond \u00e9galement aux attentes de clients internationaux dont la r\u00e9glementation europ\u00e9enne impacte fr\u00e9quemment les d\u00e9cisions strat\u00e9giques.<\/p>\n<p>En parall\u00e8le, Bredin Prat a opt\u00e9 il y a une quinzaine d\u2019ann\u00e9es pour la mise en place d\u2019un r\u00e9seau constitu\u00e9 de cabinets ind\u00e9pendants \u00e9trangers parmi les meilleurs de leurs juridictions : les Best Friends. Ce r\u00e9seau lui permet d\u2019accompagner ses clients sur des op\u00e9rations ou contentieux transfrontaliers via des \u00e9quipes internationales int\u00e9gr\u00e9es de haut niveau.<\/p>\n<p>Cette relation entre les <a href=\"https:\/\/www.bredinprat.fr\/fr\/reseau-international\/best-friends\/\" target=\"_blank\" rel=\"noopener noreferrer\">Best Friends<\/a> demeure non exclusive et laisse donc Bredin Prat enti\u00e8rement libre de travailler en coop\u00e9ration avec les conseils juridiques habituels de ses clients dans diff\u00e9rents pays lorsque ceux-ci le souhaitent.<\/p>\n","protected":false},"excerpt":{"rendered":"<p>Bredin Prat r\u00e9alise les deux tiers de son activit\u00e9 au travers d\u2019op\u00e9rations transnationales. Ses \u00e9quipes cosmopolites permettent au cabinet de traiter des dossiers dans plusieurs pays et une quinzaine de langues, en droit fran\u00e7ais et en droit anglo-am\u00e9ricain (ou common law). Son bureau de Bruxelles, ouvert en 1999, r\u00e9pond \u00e9galement aux attentes de clients internationaux ..<br \/><a href=\"https:\/\/www.bredinprat.fr\/fr\/international\/bredin-prat\/\">Read More&#8230;<\/a><\/p>\n","protected":false},"author":8,"featured_media":0,"parent":18,"menu_order":1,"comment_status":"closed","ping_status":"closed","template":"page-template\/reseauInternational.php","meta":{"_acf_changed":false,"footnotes":""},"class_list":["post-505","page","type-page","status-publish","hentry"],"acf":[],"yoast_head":"<!-- This site is optimized with the Yoast SEO plugin v26.4 - https:\/\/yoast.com\/wordpress\/plugins\/seo\/ -->\n<title>International | Bredin Prat<\/title>\n<meta name=\"description\" content=\"Bredin Prat r\u00e9alise les deux tiers de son activit\u00e9 au travers d\u2019op\u00e9rations transnationales.\" \/>\n<meta name=\"robots\" content=\"index, follow, max-snippet:-1, max-image-preview:large, max-video-preview:-1\" \/>\n<link rel=\"canonical\" href=\"https:\/\/www.bredinprat.fr\/fr\/international\/bredin-prat\/\" \/>\n<meta property=\"og:locale\" content=\"fr_FR\" \/>\n<meta property=\"og:type\" content=\"article\" \/>\n<meta property=\"og:title\" content=\"International | Bredin Prat\" \/>\n<meta property=\"og:description\" content=\"Bredin Prat r\u00e9alise les deux tiers de son activit\u00e9 au travers d\u2019op\u00e9rations transnationales.\" \/>\n<meta property=\"og:url\" content=\"https:\/\/www.bredinprat.fr\/fr\/international\/bredin-prat\/\" \/>\n<meta property=\"og:site_name\" content=\"Bredin Prat\" \/>\n<meta property=\"article:modified_time\" content=\"2017-07-19T10:23:02+00:00\" \/>\n<meta name=\"twitter:card\" content=\"summary_large_image\" \/>\n<meta name=\"twitter:label1\" content=\"Dur\u00e9e de lecture estim\u00e9e\" \/>\n\t<meta name=\"twitter:data1\" content=\"1 minute\" \/>\n<script type=\"application\/ld+json\" class=\"yoast-schema-graph\">{\"@context\":\"https:\/\/schema.org\",\"@graph\":[{\"@type\":\"WebPage\",\"@id\":\"https:\/\/www.bredinprat.fr\/fr\/international\/bredin-prat\/\",\"url\":\"https:\/\/www.bredinprat.fr\/fr\/international\/bredin-prat\/\",\"name\":\"International | Bredin Prat\",\"isPartOf\":{\"@id\":\"https:\/\/www.bredinprat.fr\/fr\/#website\"},\"datePublished\":\"2015-11-09T18:03:40+00:00\",\"dateModified\":\"2017-07-19T10:23:02+00:00\",\"description\":\"Bredin Prat r\u00e9alise les deux tiers de son activit\u00e9 au travers d\u2019op\u00e9rations transnationales.\",\"breadcrumb\":{\"@id\":\"https:\/\/www.bredinprat.fr\/fr\/international\/bredin-prat\/#breadcrumb\"},\"inLanguage\":\"fr-FR\",\"potentialAction\":[{\"@type\":\"ReadAction\",\"target\":[\"https:\/\/www.bredinprat.fr\/fr\/international\/bredin-prat\/\"]}]},{\"@type\":\"BreadcrumbList\",\"@id\":\"https:\/\/www.bredinprat.fr\/fr\/international\/bredin-prat\/#breadcrumb\",\"itemListElement\":[{\"@type\":\"ListItem\",\"position\":1,\"name\":\"Accueil\",\"item\":\"https:\/\/www.bredinprat.fr\/fr\/\"},{\"@type\":\"ListItem\",\"position\":2,\"name\":\"International\",\"item\":\"https:\/\/www.bredinprat.fr\/fr\/international\/\"},{\"@type\":\"ListItem\",\"position\":3,\"name\":\"Bredin Prat\"}]},{\"@type\":\"WebSite\",\"@id\":\"https:\/\/www.bredinprat.fr\/fr\/#website\",\"url\":\"https:\/\/www.bredinprat.fr\/fr\/\",\"name\":\"Bredin Prat\",\"description\":\"Cabinet d&#039;avocats fran\u00e7ais ind\u00e9pendant \u00e0 Paris et \u00e0 Bruxelles\",\"publisher\":{\"@id\":\"https:\/\/www.bredinprat.fr\/fr\/#organization\"},\"potentialAction\":[{\"@type\":\"SearchAction\",\"target\":{\"@type\":\"EntryPoint\",\"urlTemplate\":\"https:\/\/www.bredinprat.fr\/fr\/?s={search_term_string}\"},\"query-input\":{\"@type\":\"PropertyValueSpecification\",\"valueRequired\":true,\"valueName\":\"search_term_string\"}}],\"inLanguage\":\"fr-FR\"},{\"@type\":\"Organization\",\"@id\":\"https:\/\/www.bredinprat.fr\/fr\/#organization\",\"name\":\"Bredin Prat\",\"url\":\"https:\/\/www.bredinprat.fr\/fr\/\",\"logo\":{\"@type\":\"ImageObject\",\"inLanguage\":\"fr-FR\",\"@id\":\"https:\/\/www.bredinprat.fr\/fr\/#\/schema\/logo\/image\/\",\"url\":\"https:\/\/www.bredinprat.fr\/wp-content\/uploads\/2015\/10\/Logo_BP.gif\",\"contentUrl\":\"https:\/\/www.bredinprat.fr\/wp-content\/uploads\/2015\/10\/Logo_BP.gif\",\"width\":4246,\"height\":258,\"caption\":\"Bredin Prat\"},\"image\":{\"@id\":\"https:\/\/www.bredinprat.fr\/fr\/#\/schema\/logo\/image\/\"}}]}<\/script>\n<!-- \/ Yoast SEO plugin. -->","yoast_head_json":{"title":"International | Bredin Prat","description":"Bredin Prat r\u00e9alise les deux tiers de son activit\u00e9 au travers d\u2019op\u00e9rations transnationales.","robots":{"index":"index","follow":"follow","max-snippet":"max-snippet:-1","max-image-preview":"max-image-preview:large","max-video-preview":"max-video-preview:-1"},"canonical":"https:\/\/www.bredinprat.fr\/fr\/international\/bredin-prat\/","og_locale":"fr_FR","og_type":"article","og_title":"International | Bredin Prat","og_description":"Bredin Prat r\u00e9alise les deux tiers de son activit\u00e9 au travers d\u2019op\u00e9rations transnationales.","og_url":"https:\/\/www.bredinprat.fr\/fr\/international\/bredin-prat\/","og_site_name":"Bredin Prat","article_modified_time":"2017-07-19T10:23:02+00:00","twitter_card":"summary_large_image","twitter_misc":{"Dur\u00e9e de lecture estim\u00e9e":"1 minute"},"schema":{"@context":"https:\/\/schema.org","@graph":[{"@type":"WebPage","@id":"https:\/\/www.bredinprat.fr\/fr\/international\/bredin-prat\/","url":"https:\/\/www.bredinprat.fr\/fr\/international\/bredin-prat\/","name":"International | Bredin Prat","isPartOf":{"@id":"https:\/\/www.bredinprat.fr\/fr\/#website"},"datePublished":"2015-11-09T18:03:40+00:00","dateModified":"2017-07-19T10:23:02+00:00","description":"Bredin Prat r\u00e9alise les deux tiers de son activit\u00e9 au travers d\u2019op\u00e9rations transnationales.","breadcrumb":{"@id":"https:\/\/www.bredinprat.fr\/fr\/international\/bredin-prat\/#breadcrumb"},"inLanguage":"fr-FR","potentialAction":[{"@type":"ReadAction","target":["https:\/\/www.bredinprat.fr\/fr\/international\/bredin-prat\/"]}]},{"@type":"BreadcrumbList","@id":"https:\/\/www.bredinprat.fr\/fr\/international\/bredin-prat\/#breadcrumb","itemListElement":[{"@type":"ListItem","position":1,"name":"Accueil","item":"https:\/\/www.bredinprat.fr\/fr\/"},{"@type":"ListItem","position":2,"name":"International","item":"https:\/\/www.bredinprat.fr\/fr\/international\/"},{"@type":"ListItem","position":3,"name":"Bredin Prat"}]},{"@type":"WebSite","@id":"https:\/\/www.bredinprat.fr\/fr\/#website","url":"https:\/\/www.bredinprat.fr\/fr\/","name":"Bredin Prat","description":"Cabinet d&#039;avocats fran\u00e7ais ind\u00e9pendant \u00e0 Paris et \u00e0 Bruxelles","publisher":{"@id":"https:\/\/www.bredinprat.fr\/fr\/#organization"},"potentialAction":[{"@type":"SearchAction","target":{"@type":"EntryPoint","urlTemplate":"https:\/\/www.bredinprat.fr\/fr\/?s={search_term_string}"},"query-input":{"@type":"PropertyValueSpecification","valueRequired":true,"valueName":"search_term_string"}}],"inLanguage":"fr-FR"},{"@type":"Organization","@id":"https:\/\/www.bredinprat.fr\/fr\/#organization","name":"Bredin Prat","url":"https:\/\/www.bredinprat.fr\/fr\/","logo":{"@type":"ImageObject","inLanguage":"fr-FR","@id":"https:\/\/www.bredinprat.fr\/fr\/#\/schema\/logo\/image\/","url":"https:\/\/www.bredinprat.fr\/wp-content\/uploads\/2015\/10\/Logo_BP.gif","contentUrl":"https:\/\/www.bredinprat.fr\/wp-content\/uploads\/2015\/10\/Logo_BP.gif","width":4246,"height":258,"caption":"Bredin Prat"},"image":{"@id":"https:\/\/www.bredinprat.fr\/fr\/#\/schema\/logo\/image\/"}}]}},"_links":{"self":[{"href":"https:\/\/www.bredinprat.fr\/fr\/wp-json\/wp\/v2\/pages\/505","targetHints":{"allow":["GET"]}}],"collection":[{"href":"https:\/\/www.bredinprat.fr\/fr\/wp-json\/wp\/v2\/pages"}],"about":[{"href":"https:\/\/www.bredinprat.fr\/fr\/wp-json\/wp\/v2\/types\/page"}],"author":[{"embeddable":true,"href":"https:\/\/www.bredinprat.fr\/fr\/wp-json\/wp\/v2\/users\/8"}],"replies":[{"embeddable":true,"href":"https:\/\/www.bredinprat.fr\/fr\/wp-json\/wp\/v2\/comments?post=505"}],"version-history":[{"count":10,"href":"https:\/\/www.bredinprat.fr\/fr\/wp-json\/wp\/v2\/pages\/505\/revisions"}],"predecessor-version":[{"id":2975,"href":"https:\/\/www.bredinprat.fr\/fr\/wp-json\/wp\/v2\/pages\/505\/revisions\/2975"}],"up":[{"embeddable":true,"href":"https:\/\/www.bredinprat.fr\/fr\/wp-json\/wp\/v2\/pages\/18"}],"wp:attachment":[{"href":"https:\/\/www.bredinprat.fr\/fr\/wp-json\/wp\/v2\/media?parent=505"}],"curies":[{"name":"wp","href":"https:\/\/api.w.org\/{rel}","templated":true}]}}