{"id":40,"date":"2015-10-22T10:52:17","date_gmt":"2015-10-22T09:52:17","guid":{"rendered":"http:\/\/bredin-prat.dev\/?page_id=40"},"modified":"2017-07-19T13:18:05","modified_gmt":"2017-07-19T12:18:05","slug":"plan-du-site","status":"publish","type":"page","link":"https:\/\/www.bredinprat.fr\/fr\/plan-du-site\/","title":{"rendered":"Plan du site"},"content":{"rendered":"<div id=\"simple-sitemap-container-69e2a88ce1297\" class=\"simple-sitemap-container simple-sitemap-container-69e2a88ce1297 tab-disabled\"><div class=\"simple-sitemap-wrap\"><ul class=\"simple-sitemap-page main\"><li class=\"sitemap-item page_item page-item-403\"><a href=\"https:\/\/www.bredinprat.fr\/fr\/\">Accueil<\/a><\/li>\n<li class=\"sitemap-item page_item page-item-18910\"><a href=\"https:\/\/www.bredinprat.fr\/fr\/alerte-fraude\/\">Alerte fraude<\/a><\/li>\n<li class=\"sitemap-item page_item page-item-197 page_item_has_children\"><a href=\"https:\/\/www.bredinprat.fr\/fr\/avocats\/\">Avocats<\/a>\n<ul class='children'>\n\t<li class=\"sitemap-item page_item page-item-253\"><a href=\"https:\/\/www.bredinprat.fr\/fr\/avocats\/associes\/\">Associ\u00e9s<\/a><\/li>\n\t<li class=\"sitemap-item page_item page-item-778\"><a href=\"https:\/\/www.bredinprat.fr\/fr\/avocats\/collaborateurs\/\">Collaborateurs<\/a><\/li>\n\t<li class=\"sitemap-item page_item page-item-5145\"><a href=\"https:\/\/www.bredinprat.fr\/fr\/avocats\/counsel\/\">Counsel<\/a><\/li>\n\t<li class=\"sitemap-item page_item page-item-215\"><a href=\"https:\/\/www.bredinprat.fr\/fr\/avocats\/liste-des-avocats\/\">Liste des avocats<\/a><\/li>\n\t<li class=\"sitemap-item page_item page-item-780\"><a href=\"https:\/\/www.bredinprat.fr\/fr\/avocats\/senior-counsel\/\">Senior Counsel<\/a><\/li>\n<\/ul>\n<\/li>\n<li class=\"sitemap-item page_item page-item-20\"><a href=\"https:\/\/www.bredinprat.fr\/fr\/competences-text\/\">Comp\u00e9tences<\/a><\/li>\n<li class=\"sitemap-item page_item page-item-28\"><a href=\"https:\/\/www.bredinprat.fr\/fr\/contact\/\">Contact<\/a><\/li>\n<li class=\"sitemap-item page_item page-item-2625\"><a href=\"https:\/\/www.bredinprat.fr\/fr\/dlvcf\/\">dlvcf<\/a><\/li>\n<li class=\"sitemap-item page_item page-item-16324\"><a href=\"https:\/\/www.bredinprat.fr\/fr\/hommage-a-hugues-calvet\/\">Hommage \u00e0 Hugues Calvet<\/a><\/li>\n<li class=\"sitemap-item page_item page-item-13937\"><a href=\"https:\/\/www.bredinprat.fr\/fr\/hommage-jeandenis-bredin\/\">Hommage \u00e0 Jean-Denis Bredin<\/a><\/li>\n<li class=\"sitemap-item page_item page-item-17659\"><a href=\"https:\/\/www.bredinprat.fr\/fr\/hommage-a-robert-badinter\/\">Hommage \u00e0 Robert Badinter<\/a><\/li>\n<li class=\"sitemap-item page_item page-item-18 page_item_has_children\"><a href=\"https:\/\/www.bredinprat.fr\/fr\/international\/\">International<\/a>\n<ul class='children'>\n\t<li class=\"sitemap-item page_item page-item-516\"><a href=\"https:\/\/www.bredinprat.fr\/fr\/international\/best-friends\/\">Best Friends<\/a><\/li>\n\t<li class=\"sitemap-item page_item page-item-505\"><a href=\"https:\/\/www.bredinprat.fr\/fr\/international\/bredin-prat\/\">Bredin Prat<\/a><\/li>\n<\/ul>\n<\/li>\n<li class=\"sitemap-item page_item page-item-343\"><a href=\"https:\/\/www.bredinprat.fr\/fr\/mentions-legales\/\">Mentions l\u00e9gales<\/a><\/li>\n<li class=\"sitemap-item page_item page-item-40\"><a href=\"https:\/\/www.bredinprat.fr\/fr\/plan-du-site\/\">Plan du site<\/a><\/li>\n<li class=\"sitemap-item page_item page-item-9004\"><a href=\"https:\/\/www.bredinprat.fr\/fr\/protection_des_donnes_personnelles\/\">Politique de protection des donn\u00e9es personnelles<\/a><\/li>\n<li class=\"sitemap-item page_item page-item-16\"><a href=\"https:\/\/www.bredinprat.fr\/fr\/presentation\/\">Pr\u00e9sentation<\/a><\/li>\n<li class=\"sitemap-item page_item page-item-622\"><a href=\"https:\/\/www.bredinprat.fr\/fr\/utilisation-des-cookies\/\">Utilisation des cookies<\/a><\/li>\n<\/ul><\/div><\/div><br style=\"clear: both;\">\n","protected":false},"excerpt":{"rendered":"","protected":false},"author":8,"featured_media":0,"parent":0,"menu_order":17,"comment_status":"closed","ping_status":"closed","template":"page-template\/page-1-col.php","meta":{"_acf_changed":false,"footnotes":""},"class_list":["post-40","page","type-page","status-publish","hentry"],"acf":[],"yoast_head":"<!-- This site is optimized with the Yoast SEO plugin v26.4 - https:\/\/yoast.com\/wordpress\/plugins\/seo\/ -->\n<title>Plan du site | Bredin Prat<\/title>\n<meta name=\"description\" content=\"Consultez plan du site\" \/>\n<meta name=\"robots\" content=\"index, follow, max-snippet:-1, max-image-preview:large, max-video-preview:-1\" \/>\n<link rel=\"canonical\" href=\"https:\/\/www.bredinprat.fr\/fr\/plan-du-site\/\" \/>\n<meta property=\"og:locale\" content=\"fr_FR\" \/>\n<meta property=\"og:type\" content=\"article\" \/>\n<meta property=\"og:title\" content=\"Plan du site | Bredin Prat\" \/>\n<meta property=\"og:description\" content=\"Consultez plan du site\" \/>\n<meta property=\"og:url\" content=\"https:\/\/www.bredinprat.fr\/fr\/plan-du-site\/\" \/>\n<meta property=\"og:site_name\" content=\"Bredin Prat\" \/>\n<meta property=\"article:modified_time\" content=\"2017-07-19T12:18:05+00:00\" \/>\n<meta name=\"twitter:card\" content=\"summary_large_image\" \/>\n<script type=\"application\/ld+json\" class=\"yoast-schema-graph\">{\"@context\":\"https:\/\/schema.org\",\"@graph\":[{\"@type\":\"WebPage\",\"@id\":\"https:\/\/www.bredinprat.fr\/fr\/plan-du-site\/\",\"url\":\"https:\/\/www.bredinprat.fr\/fr\/plan-du-site\/\",\"name\":\"Plan du site | Bredin Prat\",\"isPartOf\":{\"@id\":\"https:\/\/www.bredinprat.fr\/fr\/#website\"},\"datePublished\":\"2015-10-22T09:52:17+00:00\",\"dateModified\":\"2017-07-19T12:18:05+00:00\",\"description\":\"Consultez plan du site\",\"breadcrumb\":{\"@id\":\"https:\/\/www.bredinprat.fr\/fr\/plan-du-site\/#breadcrumb\"},\"inLanguage\":\"fr-FR\",\"potentialAction\":[{\"@type\":\"ReadAction\",\"target\":[\"https:\/\/www.bredinprat.fr\/fr\/plan-du-site\/\"]}]},{\"@type\":\"BreadcrumbList\",\"@id\":\"https:\/\/www.bredinprat.fr\/fr\/plan-du-site\/#breadcrumb\",\"itemListElement\":[{\"@type\":\"ListItem\",\"position\":1,\"name\":\"Accueil\",\"item\":\"https:\/\/www.bredinprat.fr\/fr\/\"},{\"@type\":\"ListItem\",\"position\":2,\"name\":\"Plan du site\"}]},{\"@type\":\"WebSite\",\"@id\":\"https:\/\/www.bredinprat.fr\/fr\/#website\",\"url\":\"https:\/\/www.bredinprat.fr\/fr\/\",\"name\":\"Bredin Prat\",\"description\":\"Cabinet d&#039;avocats fran\u00e7ais ind\u00e9pendant \u00e0 Paris et \u00e0 Bruxelles\",\"publisher\":{\"@id\":\"https:\/\/www.bredinprat.fr\/fr\/#organization\"},\"potentialAction\":[{\"@type\":\"SearchAction\",\"target\":{\"@type\":\"EntryPoint\",\"urlTemplate\":\"https:\/\/www.bredinprat.fr\/fr\/?s={search_term_string}\"},\"query-input\":{\"@type\":\"PropertyValueSpecification\",\"valueRequired\":true,\"valueName\":\"search_term_string\"}}],\"inLanguage\":\"fr-FR\"},{\"@type\":\"Organization\",\"@id\":\"https:\/\/www.bredinprat.fr\/fr\/#organization\",\"name\":\"Bredin Prat\",\"url\":\"https:\/\/www.bredinprat.fr\/fr\/\",\"logo\":{\"@type\":\"ImageObject\",\"inLanguage\":\"fr-FR\",\"@id\":\"https:\/\/www.bredinprat.fr\/fr\/#\/schema\/logo\/image\/\",\"url\":\"https:\/\/www.bredinprat.fr\/wp-content\/uploads\/2015\/10\/Logo_BP.gif\",\"contentUrl\":\"https:\/\/www.bredinprat.fr\/wp-content\/uploads\/2015\/10\/Logo_BP.gif\",\"width\":4246,\"height\":258,\"caption\":\"Bredin Prat\"},\"image\":{\"@id\":\"https:\/\/www.bredinprat.fr\/fr\/#\/schema\/logo\/image\/\"}}]}<\/script>\n<!-- \/ Yoast SEO plugin. -->","yoast_head_json":{"title":"Plan du site | Bredin Prat","description":"Consultez plan du site","robots":{"index":"index","follow":"follow","max-snippet":"max-snippet:-1","max-image-preview":"max-image-preview:large","max-video-preview":"max-video-preview:-1"},"canonical":"https:\/\/www.bredinprat.fr\/fr\/plan-du-site\/","og_locale":"fr_FR","og_type":"article","og_title":"Plan du site | Bredin Prat","og_description":"Consultez plan du site","og_url":"https:\/\/www.bredinprat.fr\/fr\/plan-du-site\/","og_site_name":"Bredin Prat","article_modified_time":"2017-07-19T12:18:05+00:00","twitter_card":"summary_large_image","schema":{"@context":"https:\/\/schema.org","@graph":[{"@type":"WebPage","@id":"https:\/\/www.bredinprat.fr\/fr\/plan-du-site\/","url":"https:\/\/www.bredinprat.fr\/fr\/plan-du-site\/","name":"Plan du site | Bredin Prat","isPartOf":{"@id":"https:\/\/www.bredinprat.fr\/fr\/#website"},"datePublished":"2015-10-22T09:52:17+00:00","dateModified":"2017-07-19T12:18:05+00:00","description":"Consultez plan du site","breadcrumb":{"@id":"https:\/\/www.bredinprat.fr\/fr\/plan-du-site\/#breadcrumb"},"inLanguage":"fr-FR","potentialAction":[{"@type":"ReadAction","target":["https:\/\/www.bredinprat.fr\/fr\/plan-du-site\/"]}]},{"@type":"BreadcrumbList","@id":"https:\/\/www.bredinprat.fr\/fr\/plan-du-site\/#breadcrumb","itemListElement":[{"@type":"ListItem","position":1,"name":"Accueil","item":"https:\/\/www.bredinprat.fr\/fr\/"},{"@type":"ListItem","position":2,"name":"Plan du site"}]},{"@type":"WebSite","@id":"https:\/\/www.bredinprat.fr\/fr\/#website","url":"https:\/\/www.bredinprat.fr\/fr\/","name":"Bredin Prat","description":"Cabinet d&#039;avocats fran\u00e7ais ind\u00e9pendant \u00e0 Paris et \u00e0 Bruxelles","publisher":{"@id":"https:\/\/www.bredinprat.fr\/fr\/#organization"},"potentialAction":[{"@type":"SearchAction","target":{"@type":"EntryPoint","urlTemplate":"https:\/\/www.bredinprat.fr\/fr\/?s={search_term_string}"},"query-input":{"@type":"PropertyValueSpecification","valueRequired":true,"valueName":"search_term_string"}}],"inLanguage":"fr-FR"},{"@type":"Organization","@id":"https:\/\/www.bredinprat.fr\/fr\/#organization","name":"Bredin Prat","url":"https:\/\/www.bredinprat.fr\/fr\/","logo":{"@type":"ImageObject","inLanguage":"fr-FR","@id":"https:\/\/www.bredinprat.fr\/fr\/#\/schema\/logo\/image\/","url":"https:\/\/www.bredinprat.fr\/wp-content\/uploads\/2015\/10\/Logo_BP.gif","contentUrl":"https:\/\/www.bredinprat.fr\/wp-content\/uploads\/2015\/10\/Logo_BP.gif","width":4246,"height":258,"caption":"Bredin Prat"},"image":{"@id":"https:\/\/www.bredinprat.fr\/fr\/#\/schema\/logo\/image\/"}}]}},"_links":{"self":[{"href":"https:\/\/www.bredinprat.fr\/fr\/wp-json\/wp\/v2\/pages\/40","targetHints":{"allow":["GET"]}}],"collection":[{"href":"https:\/\/www.bredinprat.fr\/fr\/wp-json\/wp\/v2\/pages"}],"about":[{"href":"https:\/\/www.bredinprat.fr\/fr\/wp-json\/wp\/v2\/types\/page"}],"author":[{"embeddable":true,"href":"https:\/\/www.bredinprat.fr\/fr\/wp-json\/wp\/v2\/users\/8"}],"replies":[{"embeddable":true,"href":"https:\/\/www.bredinprat.fr\/fr\/wp-json\/wp\/v2\/comments?post=40"}],"version-history":[{"count":47,"href":"https:\/\/www.bredinprat.fr\/fr\/wp-json\/wp\/v2\/pages\/40\/revisions"}],"predecessor-version":[{"id":2561,"href":"https:\/\/www.bredinprat.fr\/fr\/wp-json\/wp\/v2\/pages\/40\/revisions\/2561"}],"wp:attachment":[{"href":"https:\/\/www.bredinprat.fr\/fr\/wp-json\/wp\/v2\/media?parent=40"}],"curies":[{"name":"wp","href":"https:\/\/api.w.org\/{rel}","templated":true}]}}