{"id":18910,"date":"2024-12-02T15:37:42","date_gmt":"2024-12-02T14:37:42","guid":{"rendered":"https:\/\/www.bredinprat.fr\/?page_id=18910"},"modified":"2024-12-02T15:49:28","modified_gmt":"2024-12-02T14:49:28","slug":"alerte-fraude","status":"publish","type":"page","link":"https:\/\/www.bredinprat.fr\/fr\/alerte-fraude\/","title":{"rendered":"Alerte fraude"},"content":{"rendered":"<p>Comme de nombreux cabinets d\u2019avocats, de conseils et d\u2019entreprises, il peut arriver que notre cabinet soit victime d\u2019usurpation d\u2019identit\u00e9. Les <em>modus operandi<\/em> sont vari\u00e9s. Il peut arriver par exemple que les escrocs utilisent une adresse e-mail proche de celle des membres du cabinet afin de se faire passer pour eux, ou encore qu\u2019ils envoient un e-mail en utilisant le nom et le logo du cabinet. Nous vous rappelons \u00e0 cette occasion que les adresses e-mail de notre cabinet se terminent par \u00ab\u00a0<a href=\"mailto:alerte-ssi@bredinprat.com\">@bredinprat.com<\/a>\u00a0\u00bb.<\/p>\n<p>Nous vous invitons donc \u00e0 la plus grande vigilance, en veillant en particulier \u00e0 v\u00e9rifier les adresses des exp\u00e9diteurs d\u2019e-mails que vous recevez, ainsi que tout indice qui pourrait \u00e9veiller vos soup\u00e7ons (fautes d\u2019orthographe, exp\u00e9diteur inconnu, sujet de la correspondance inconnu, etc.).<\/p>\n<p>En cas de doute sur l\u2019identit\u00e9 d\u2019un contact ou d\u2019une correspondance portant le nom ou des \u00e9l\u00e9ments identifiant Bredin Prat, nous vous invitons \u00e0 nous en informer par e-mail \u00e0 l\u2019adresse suivante : <a href=\"mailto:alerte-ssi@bredinprat.com\">alerte-ssi@bredinprat.com<\/a>\u00a0 ou de prendre contact avec vos interlocuteurs habituels par t\u00e9l\u00e9phone, mais surtout \u00e0 ne pas utiliser une adresse e-mail ou un num\u00e9ro de t\u00e9l\u00e9phone communiqu\u00e9(e) dans l\u2019e-mail suspicieux.<\/p>\n","protected":false},"excerpt":{"rendered":"<p>Comme de nombreux cabinets d\u2019avocats, de conseils et d\u2019entreprises, il peut arriver que notre cabinet soit victime d\u2019usurpation d\u2019identit\u00e9. Les modus operandi sont vari\u00e9s. Il peut arriver par exemple que les escrocs utilisent une adresse e-mail proche de celle des membres du cabinet afin de se faire passer pour eux, ou encore qu\u2019ils envoient un ..<br \/><a href=\"https:\/\/www.bredinprat.fr\/fr\/alerte-fraude\/\">Read More&#8230;<\/a><\/p>\n","protected":false},"author":8,"featured_media":18911,"parent":0,"menu_order":0,"comment_status":"closed","ping_status":"closed","template":"page-template\/privacy.php","meta":{"_acf_changed":false,"footnotes":""},"class_list":["post-18910","page","type-page","status-publish","has-post-thumbnail","hentry"],"acf":[],"yoast_head":"<!-- This site is optimized with the Yoast SEO plugin v26.4 - https:\/\/yoast.com\/wordpress\/plugins\/seo\/ -->\n<title>Alerte fraude - Bredin Prat<\/title>\n<meta name=\"description\" content=\"Nous vous invitons donc \u00e0 la plus grande vigilance\" \/>\n<meta name=\"robots\" content=\"index, follow, max-snippet:-1, max-image-preview:large, max-video-preview:-1\" \/>\n<link rel=\"canonical\" href=\"https:\/\/www.bredinprat.fr\/fr\/alerte-fraude\/\" \/>\n<meta property=\"og:locale\" content=\"fr_FR\" \/>\n<meta property=\"og:type\" content=\"article\" \/>\n<meta property=\"og:title\" content=\"Alerte fraude - Bredin Prat\" \/>\n<meta property=\"og:description\" content=\"Nous vous invitons donc \u00e0 la plus grande vigilance\" \/>\n<meta property=\"og:url\" content=\"https:\/\/www.bredinprat.fr\/fr\/alerte-fraude\/\" \/>\n<meta property=\"og:site_name\" content=\"Bredin Prat\" \/>\n<meta property=\"article:modified_time\" content=\"2024-12-02T14:49:28+00:00\" \/>\n<meta property=\"og:image\" content=\"https:\/\/www.bredinprat.fr\/wp-content\/uploads\/2024\/12\/TERRASSE_1ER_BREDIN_PRAT_034-scaled.jpg\" \/>\n\t<meta property=\"og:image:width\" content=\"1829\" \/>\n\t<meta property=\"og:image:height\" content=\"2560\" \/>\n\t<meta property=\"og:image:type\" content=\"image\/jpeg\" \/>\n<meta name=\"twitter:card\" content=\"summary_large_image\" \/>\n<meta name=\"twitter:label1\" content=\"Dur\u00e9e de lecture estim\u00e9e\" \/>\n\t<meta name=\"twitter:data1\" content=\"2 minutes\" \/>\n<script type=\"application\/ld+json\" class=\"yoast-schema-graph\">{\"@context\":\"https:\/\/schema.org\",\"@graph\":[{\"@type\":\"WebPage\",\"@id\":\"https:\/\/www.bredinprat.fr\/fr\/alerte-fraude\/\",\"url\":\"https:\/\/www.bredinprat.fr\/fr\/alerte-fraude\/\",\"name\":\"Alerte fraude - Bredin Prat\",\"isPartOf\":{\"@id\":\"https:\/\/www.bredinprat.fr\/fr\/#website\"},\"primaryImageOfPage\":{\"@id\":\"https:\/\/www.bredinprat.fr\/fr\/alerte-fraude\/#primaryimage\"},\"image\":{\"@id\":\"https:\/\/www.bredinprat.fr\/fr\/alerte-fraude\/#primaryimage\"},\"thumbnailUrl\":\"https:\/\/www.bredinprat.fr\/wp-content\/uploads\/2024\/12\/TERRASSE_1ER_BREDIN_PRAT_034-scaled.jpg\",\"datePublished\":\"2024-12-02T14:37:42+00:00\",\"dateModified\":\"2024-12-02T14:49:28+00:00\",\"description\":\"Nous vous invitons donc \u00e0 la plus grande vigilance\",\"breadcrumb\":{\"@id\":\"https:\/\/www.bredinprat.fr\/fr\/alerte-fraude\/#breadcrumb\"},\"inLanguage\":\"fr-FR\",\"potentialAction\":[{\"@type\":\"ReadAction\",\"target\":[\"https:\/\/www.bredinprat.fr\/fr\/alerte-fraude\/\"]}]},{\"@type\":\"ImageObject\",\"inLanguage\":\"fr-FR\",\"@id\":\"https:\/\/www.bredinprat.fr\/fr\/alerte-fraude\/#primaryimage\",\"url\":\"https:\/\/www.bredinprat.fr\/wp-content\/uploads\/2024\/12\/TERRASSE_1ER_BREDIN_PRAT_034-scaled.jpg\",\"contentUrl\":\"https:\/\/www.bredinprat.fr\/wp-content\/uploads\/2024\/12\/TERRASSE_1ER_BREDIN_PRAT_034-scaled.jpg\",\"width\":1829,\"height\":2560},{\"@type\":\"BreadcrumbList\",\"@id\":\"https:\/\/www.bredinprat.fr\/fr\/alerte-fraude\/#breadcrumb\",\"itemListElement\":[{\"@type\":\"ListItem\",\"position\":1,\"name\":\"Accueil\",\"item\":\"https:\/\/www.bredinprat.fr\/fr\/\"},{\"@type\":\"ListItem\",\"position\":2,\"name\":\"Alerte fraude\"}]},{\"@type\":\"WebSite\",\"@id\":\"https:\/\/www.bredinprat.fr\/fr\/#website\",\"url\":\"https:\/\/www.bredinprat.fr\/fr\/\",\"name\":\"Bredin Prat\",\"description\":\"Cabinet d&#039;avocats fran\u00e7ais ind\u00e9pendant \u00e0 Paris et \u00e0 Bruxelles\",\"publisher\":{\"@id\":\"https:\/\/www.bredinprat.fr\/fr\/#organization\"},\"potentialAction\":[{\"@type\":\"SearchAction\",\"target\":{\"@type\":\"EntryPoint\",\"urlTemplate\":\"https:\/\/www.bredinprat.fr\/fr\/?s={search_term_string}\"},\"query-input\":{\"@type\":\"PropertyValueSpecification\",\"valueRequired\":true,\"valueName\":\"search_term_string\"}}],\"inLanguage\":\"fr-FR\"},{\"@type\":\"Organization\",\"@id\":\"https:\/\/www.bredinprat.fr\/fr\/#organization\",\"name\":\"Bredin Prat\",\"url\":\"https:\/\/www.bredinprat.fr\/fr\/\",\"logo\":{\"@type\":\"ImageObject\",\"inLanguage\":\"fr-FR\",\"@id\":\"https:\/\/www.bredinprat.fr\/fr\/#\/schema\/logo\/image\/\",\"url\":\"https:\/\/www.bredinprat.fr\/wp-content\/uploads\/2015\/10\/Logo_BP.gif\",\"contentUrl\":\"https:\/\/www.bredinprat.fr\/wp-content\/uploads\/2015\/10\/Logo_BP.gif\",\"width\":4246,\"height\":258,\"caption\":\"Bredin Prat\"},\"image\":{\"@id\":\"https:\/\/www.bredinprat.fr\/fr\/#\/schema\/logo\/image\/\"}}]}<\/script>\n<!-- \/ Yoast SEO plugin. -->","yoast_head_json":{"title":"Alerte fraude - Bredin Prat","description":"Nous vous invitons donc \u00e0 la plus grande vigilance","robots":{"index":"index","follow":"follow","max-snippet":"max-snippet:-1","max-image-preview":"max-image-preview:large","max-video-preview":"max-video-preview:-1"},"canonical":"https:\/\/www.bredinprat.fr\/fr\/alerte-fraude\/","og_locale":"fr_FR","og_type":"article","og_title":"Alerte fraude - Bredin Prat","og_description":"Nous vous invitons donc \u00e0 la plus grande vigilance","og_url":"https:\/\/www.bredinprat.fr\/fr\/alerte-fraude\/","og_site_name":"Bredin Prat","article_modified_time":"2024-12-02T14:49:28+00:00","og_image":[{"width":1829,"height":2560,"url":"https:\/\/www.bredinprat.fr\/wp-content\/uploads\/2024\/12\/TERRASSE_1ER_BREDIN_PRAT_034-scaled.jpg","type":"image\/jpeg"}],"twitter_card":"summary_large_image","twitter_misc":{"Dur\u00e9e de lecture estim\u00e9e":"2 minutes"},"schema":{"@context":"https:\/\/schema.org","@graph":[{"@type":"WebPage","@id":"https:\/\/www.bredinprat.fr\/fr\/alerte-fraude\/","url":"https:\/\/www.bredinprat.fr\/fr\/alerte-fraude\/","name":"Alerte fraude - Bredin Prat","isPartOf":{"@id":"https:\/\/www.bredinprat.fr\/fr\/#website"},"primaryImageOfPage":{"@id":"https:\/\/www.bredinprat.fr\/fr\/alerte-fraude\/#primaryimage"},"image":{"@id":"https:\/\/www.bredinprat.fr\/fr\/alerte-fraude\/#primaryimage"},"thumbnailUrl":"https:\/\/www.bredinprat.fr\/wp-content\/uploads\/2024\/12\/TERRASSE_1ER_BREDIN_PRAT_034-scaled.jpg","datePublished":"2024-12-02T14:37:42+00:00","dateModified":"2024-12-02T14:49:28+00:00","description":"Nous vous invitons donc \u00e0 la plus grande vigilance","breadcrumb":{"@id":"https:\/\/www.bredinprat.fr\/fr\/alerte-fraude\/#breadcrumb"},"inLanguage":"fr-FR","potentialAction":[{"@type":"ReadAction","target":["https:\/\/www.bredinprat.fr\/fr\/alerte-fraude\/"]}]},{"@type":"ImageObject","inLanguage":"fr-FR","@id":"https:\/\/www.bredinprat.fr\/fr\/alerte-fraude\/#primaryimage","url":"https:\/\/www.bredinprat.fr\/wp-content\/uploads\/2024\/12\/TERRASSE_1ER_BREDIN_PRAT_034-scaled.jpg","contentUrl":"https:\/\/www.bredinprat.fr\/wp-content\/uploads\/2024\/12\/TERRASSE_1ER_BREDIN_PRAT_034-scaled.jpg","width":1829,"height":2560},{"@type":"BreadcrumbList","@id":"https:\/\/www.bredinprat.fr\/fr\/alerte-fraude\/#breadcrumb","itemListElement":[{"@type":"ListItem","position":1,"name":"Accueil","item":"https:\/\/www.bredinprat.fr\/fr\/"},{"@type":"ListItem","position":2,"name":"Alerte fraude"}]},{"@type":"WebSite","@id":"https:\/\/www.bredinprat.fr\/fr\/#website","url":"https:\/\/www.bredinprat.fr\/fr\/","name":"Bredin Prat","description":"Cabinet d&#039;avocats fran\u00e7ais ind\u00e9pendant \u00e0 Paris et \u00e0 Bruxelles","publisher":{"@id":"https:\/\/www.bredinprat.fr\/fr\/#organization"},"potentialAction":[{"@type":"SearchAction","target":{"@type":"EntryPoint","urlTemplate":"https:\/\/www.bredinprat.fr\/fr\/?s={search_term_string}"},"query-input":{"@type":"PropertyValueSpecification","valueRequired":true,"valueName":"search_term_string"}}],"inLanguage":"fr-FR"},{"@type":"Organization","@id":"https:\/\/www.bredinprat.fr\/fr\/#organization","name":"Bredin Prat","url":"https:\/\/www.bredinprat.fr\/fr\/","logo":{"@type":"ImageObject","inLanguage":"fr-FR","@id":"https:\/\/www.bredinprat.fr\/fr\/#\/schema\/logo\/image\/","url":"https:\/\/www.bredinprat.fr\/wp-content\/uploads\/2015\/10\/Logo_BP.gif","contentUrl":"https:\/\/www.bredinprat.fr\/wp-content\/uploads\/2015\/10\/Logo_BP.gif","width":4246,"height":258,"caption":"Bredin Prat"},"image":{"@id":"https:\/\/www.bredinprat.fr\/fr\/#\/schema\/logo\/image\/"}}]}},"_links":{"self":[{"href":"https:\/\/www.bredinprat.fr\/fr\/wp-json\/wp\/v2\/pages\/18910","targetHints":{"allow":["GET"]}}],"collection":[{"href":"https:\/\/www.bredinprat.fr\/fr\/wp-json\/wp\/v2\/pages"}],"about":[{"href":"https:\/\/www.bredinprat.fr\/fr\/wp-json\/wp\/v2\/types\/page"}],"author":[{"embeddable":true,"href":"https:\/\/www.bredinprat.fr\/fr\/wp-json\/wp\/v2\/users\/8"}],"replies":[{"embeddable":true,"href":"https:\/\/www.bredinprat.fr\/fr\/wp-json\/wp\/v2\/comments?post=18910"}],"version-history":[{"count":2,"href":"https:\/\/www.bredinprat.fr\/fr\/wp-json\/wp\/v2\/pages\/18910\/revisions"}],"predecessor-version":[{"id":18918,"href":"https:\/\/www.bredinprat.fr\/fr\/wp-json\/wp\/v2\/pages\/18910\/revisions\/18918"}],"wp:featuredmedia":[{"embeddable":true,"href":"https:\/\/www.bredinprat.fr\/fr\/wp-json\/wp\/v2\/media\/18911"}],"wp:attachment":[{"href":"https:\/\/www.bredinprat.fr\/fr\/wp-json\/wp\/v2\/media?parent=18910"}],"curies":[{"name":"wp","href":"https:\/\/api.w.org\/{rel}","templated":true}]}}