{"id":16,"date":"2015-10-22T10:31:31","date_gmt":"2015-10-22T09:31:31","guid":{"rendered":"http:\/\/bredin-prat.dev\/?page_id=16"},"modified":"2026-03-30T08:50:47","modified_gmt":"2026-03-30T07:50:47","slug":"presentation","status":"publish","type":"page","link":"https:\/\/www.bredinprat.fr\/fr\/presentation\/","title":{"rendered":"Pr\u00e9sentation"},"content":{"rendered":"","protected":false},"excerpt":{"rendered":"","protected":false},"author":8,"featured_media":0,"parent":0,"menu_order":4,"comment_status":"closed","ping_status":"closed","template":"page-template\/temp_3col.php","meta":{"_acf_changed":false,"footnotes":""},"class_list":["post-16","page","type-page","status-publish","hentry"],"acf":[],"yoast_head":"<!-- This site is optimized with the Yoast SEO plugin v26.4 - https:\/\/yoast.com\/wordpress\/plugins\/seo\/ -->\n<title>Pr\u00e9sentation | Bredin Prat<\/title>\n<meta name=\"description\" content=\"Bredin Prat est un cabinet d\u2019avocats renomm\u00e9 dans ses domaines d\u2019expertise : corporate\/fusions-acquisitions, droit boursier et financier, contentieux et arbitrage international, droit fiscal, concurrence et droit europ\u00e9en, financement et droit bancaire, restructuration et proc\u00e9dures collectives, droit social, droit public et droit du num\u00e9rique.\" \/>\n<meta name=\"robots\" content=\"index, follow, max-snippet:-1, max-image-preview:large, max-video-preview:-1\" \/>\n<link rel=\"canonical\" href=\"https:\/\/www.bredinprat.fr\/fr\/presentation\/\" \/>\n<meta property=\"og:locale\" content=\"fr_FR\" \/>\n<meta property=\"og:type\" content=\"article\" \/>\n<meta property=\"og:title\" content=\"Pr\u00e9sentation | Bredin Prat\" \/>\n<meta property=\"og:description\" content=\"Bredin Prat est un cabinet d\u2019avocats renomm\u00e9 dans ses domaines d\u2019expertise : corporate\/fusions-acquisitions, droit boursier et financier, contentieux et arbitrage international, droit fiscal, concurrence et droit europ\u00e9en, financement et droit bancaire, restructuration et proc\u00e9dures collectives, droit social, droit public et droit du num\u00e9rique.\" \/>\n<meta property=\"og:url\" content=\"https:\/\/www.bredinprat.fr\/fr\/presentation\/\" \/>\n<meta property=\"og:site_name\" content=\"Bredin Prat\" \/>\n<meta property=\"article:modified_time\" content=\"2026-03-30T07:50:47+00:00\" \/>\n<meta name=\"twitter:card\" content=\"summary_large_image\" \/>\n<script type=\"application\/ld+json\" class=\"yoast-schema-graph\">{\"@context\":\"https:\/\/schema.org\",\"@graph\":[{\"@type\":\"WebPage\",\"@id\":\"https:\/\/www.bredinprat.fr\/fr\/presentation\/\",\"url\":\"https:\/\/www.bredinprat.fr\/fr\/presentation\/\",\"name\":\"Pr\u00e9sentation | Bredin Prat\",\"isPartOf\":{\"@id\":\"https:\/\/www.bredinprat.fr\/fr\/#website\"},\"datePublished\":\"2015-10-22T09:31:31+00:00\",\"dateModified\":\"2026-03-30T07:50:47+00:00\",\"description\":\"Bredin Prat est un cabinet d\u2019avocats renomm\u00e9 dans ses domaines d\u2019expertise : corporate\/fusions-acquisitions, droit boursier et financier, contentieux et arbitrage international, droit fiscal, concurrence et droit europ\u00e9en, financement et droit bancaire, restructuration et proc\u00e9dures collectives, droit social, droit public et droit du num\u00e9rique.\",\"breadcrumb\":{\"@id\":\"https:\/\/www.bredinprat.fr\/fr\/presentation\/#breadcrumb\"},\"inLanguage\":\"fr-FR\",\"potentialAction\":[{\"@type\":\"ReadAction\",\"target\":[\"https:\/\/www.bredinprat.fr\/fr\/presentation\/\"]}]},{\"@type\":\"BreadcrumbList\",\"@id\":\"https:\/\/www.bredinprat.fr\/fr\/presentation\/#breadcrumb\",\"itemListElement\":[{\"@type\":\"ListItem\",\"position\":1,\"name\":\"Accueil\",\"item\":\"https:\/\/www.bredinprat.fr\/fr\/\"},{\"@type\":\"ListItem\",\"position\":2,\"name\":\"Pr\u00e9sentation\"}]},{\"@type\":\"WebSite\",\"@id\":\"https:\/\/www.bredinprat.fr\/fr\/#website\",\"url\":\"https:\/\/www.bredinprat.fr\/fr\/\",\"name\":\"Bredin Prat\",\"description\":\"Cabinet d&#039;avocats fran\u00e7ais ind\u00e9pendant \u00e0 Paris et \u00e0 Bruxelles\",\"publisher\":{\"@id\":\"https:\/\/www.bredinprat.fr\/fr\/#organization\"},\"potentialAction\":[{\"@type\":\"SearchAction\",\"target\":{\"@type\":\"EntryPoint\",\"urlTemplate\":\"https:\/\/www.bredinprat.fr\/fr\/?s={search_term_string}\"},\"query-input\":{\"@type\":\"PropertyValueSpecification\",\"valueRequired\":true,\"valueName\":\"search_term_string\"}}],\"inLanguage\":\"fr-FR\"},{\"@type\":\"Organization\",\"@id\":\"https:\/\/www.bredinprat.fr\/fr\/#organization\",\"name\":\"Bredin Prat\",\"url\":\"https:\/\/www.bredinprat.fr\/fr\/\",\"logo\":{\"@type\":\"ImageObject\",\"inLanguage\":\"fr-FR\",\"@id\":\"https:\/\/www.bredinprat.fr\/fr\/#\/schema\/logo\/image\/\",\"url\":\"https:\/\/www.bredinprat.fr\/wp-content\/uploads\/2015\/10\/Logo_BP.gif\",\"contentUrl\":\"https:\/\/www.bredinprat.fr\/wp-content\/uploads\/2015\/10\/Logo_BP.gif\",\"width\":4246,\"height\":258,\"caption\":\"Bredin Prat\"},\"image\":{\"@id\":\"https:\/\/www.bredinprat.fr\/fr\/#\/schema\/logo\/image\/\"}}]}<\/script>\n<!-- \/ Yoast SEO plugin. -->","yoast_head_json":{"title":"Pr\u00e9sentation | Bredin Prat","description":"Bredin Prat est un cabinet d\u2019avocats renomm\u00e9 dans ses domaines d\u2019expertise : corporate\/fusions-acquisitions, droit boursier et financier, contentieux et arbitrage international, droit fiscal, concurrence et droit europ\u00e9en, financement et droit bancaire, restructuration et proc\u00e9dures collectives, droit social, droit public et droit du num\u00e9rique.","robots":{"index":"index","follow":"follow","max-snippet":"max-snippet:-1","max-image-preview":"max-image-preview:large","max-video-preview":"max-video-preview:-1"},"canonical":"https:\/\/www.bredinprat.fr\/fr\/presentation\/","og_locale":"fr_FR","og_type":"article","og_title":"Pr\u00e9sentation | Bredin Prat","og_description":"Bredin Prat est un cabinet d\u2019avocats renomm\u00e9 dans ses domaines d\u2019expertise : corporate\/fusions-acquisitions, droit boursier et financier, contentieux et arbitrage international, droit fiscal, concurrence et droit europ\u00e9en, financement et droit bancaire, restructuration et proc\u00e9dures collectives, droit social, droit public et droit du num\u00e9rique.","og_url":"https:\/\/www.bredinprat.fr\/fr\/presentation\/","og_site_name":"Bredin Prat","article_modified_time":"2026-03-30T07:50:47+00:00","twitter_card":"summary_large_image","schema":{"@context":"https:\/\/schema.org","@graph":[{"@type":"WebPage","@id":"https:\/\/www.bredinprat.fr\/fr\/presentation\/","url":"https:\/\/www.bredinprat.fr\/fr\/presentation\/","name":"Pr\u00e9sentation | Bredin Prat","isPartOf":{"@id":"https:\/\/www.bredinprat.fr\/fr\/#website"},"datePublished":"2015-10-22T09:31:31+00:00","dateModified":"2026-03-30T07:50:47+00:00","description":"Bredin Prat est un cabinet d\u2019avocats renomm\u00e9 dans ses domaines d\u2019expertise : corporate\/fusions-acquisitions, droit boursier et financier, contentieux et arbitrage international, droit fiscal, concurrence et droit europ\u00e9en, financement et droit bancaire, restructuration et proc\u00e9dures collectives, droit social, droit public et droit du num\u00e9rique.","breadcrumb":{"@id":"https:\/\/www.bredinprat.fr\/fr\/presentation\/#breadcrumb"},"inLanguage":"fr-FR","potentialAction":[{"@type":"ReadAction","target":["https:\/\/www.bredinprat.fr\/fr\/presentation\/"]}]},{"@type":"BreadcrumbList","@id":"https:\/\/www.bredinprat.fr\/fr\/presentation\/#breadcrumb","itemListElement":[{"@type":"ListItem","position":1,"name":"Accueil","item":"https:\/\/www.bredinprat.fr\/fr\/"},{"@type":"ListItem","position":2,"name":"Pr\u00e9sentation"}]},{"@type":"WebSite","@id":"https:\/\/www.bredinprat.fr\/fr\/#website","url":"https:\/\/www.bredinprat.fr\/fr\/","name":"Bredin Prat","description":"Cabinet d&#039;avocats fran\u00e7ais ind\u00e9pendant \u00e0 Paris et \u00e0 Bruxelles","publisher":{"@id":"https:\/\/www.bredinprat.fr\/fr\/#organization"},"potentialAction":[{"@type":"SearchAction","target":{"@type":"EntryPoint","urlTemplate":"https:\/\/www.bredinprat.fr\/fr\/?s={search_term_string}"},"query-input":{"@type":"PropertyValueSpecification","valueRequired":true,"valueName":"search_term_string"}}],"inLanguage":"fr-FR"},{"@type":"Organization","@id":"https:\/\/www.bredinprat.fr\/fr\/#organization","name":"Bredin Prat","url":"https:\/\/www.bredinprat.fr\/fr\/","logo":{"@type":"ImageObject","inLanguage":"fr-FR","@id":"https:\/\/www.bredinprat.fr\/fr\/#\/schema\/logo\/image\/","url":"https:\/\/www.bredinprat.fr\/wp-content\/uploads\/2015\/10\/Logo_BP.gif","contentUrl":"https:\/\/www.bredinprat.fr\/wp-content\/uploads\/2015\/10\/Logo_BP.gif","width":4246,"height":258,"caption":"Bredin Prat"},"image":{"@id":"https:\/\/www.bredinprat.fr\/fr\/#\/schema\/logo\/image\/"}}]}},"_links":{"self":[{"href":"https:\/\/www.bredinprat.fr\/fr\/wp-json\/wp\/v2\/pages\/16","targetHints":{"allow":["GET"]}}],"collection":[{"href":"https:\/\/www.bredinprat.fr\/fr\/wp-json\/wp\/v2\/pages"}],"about":[{"href":"https:\/\/www.bredinprat.fr\/fr\/wp-json\/wp\/v2\/types\/page"}],"author":[{"embeddable":true,"href":"https:\/\/www.bredinprat.fr\/fr\/wp-json\/wp\/v2\/users\/8"}],"replies":[{"embeddable":true,"href":"https:\/\/www.bredinprat.fr\/fr\/wp-json\/wp\/v2\/comments?post=16"}],"version-history":[{"count":102,"href":"https:\/\/www.bredinprat.fr\/fr\/wp-json\/wp\/v2\/pages\/16\/revisions"}],"predecessor-version":[{"id":20661,"href":"https:\/\/www.bredinprat.fr\/fr\/wp-json\/wp\/v2\/pages\/16\/revisions\/20661"}],"wp:attachment":[{"href":"https:\/\/www.bredinprat.fr\/fr\/wp-json\/wp\/v2\/media?parent=16"}],"curies":[{"name":"wp","href":"https:\/\/api.w.org\/{rel}","templated":true}]}}